{"id":31124,"date":"2023-06-13T11:48:56","date_gmt":"2023-06-13T11:48:56","guid":{"rendered":"http:\/\/themestate.com\/demo\/unitypress\/neighborhood\/?page_id=31124"},"modified":"2025-12-01T10:57:48","modified_gmt":"2025-12-01T15:57:48","slug":"home-3","status":"publish","type":"page","link":"https:\/\/foundation.canadasoccer.com\/fr\/","title":{"rendered":"Home"},"content":{"rendered":"<div data-elementor-type=\"wp-page\" data-elementor-id=\"31124\" class=\"elementor elementor-31124\">\n\t\t\t\t\t\t<section class=\"elementor-section elementor-top-section elementor-element elementor-element-e717be3 elementor-section-height-min-height elementor-section-content-top elementor-hidden-tablet elementor-hidden-mobile elementor-section-boxed elementor-section-height-default elementor-section-items-middle wpr-particle-no wpr-jarallax-no wpr-parallax-no wpr-sticky-section-no\" data-id=\"e717be3\" data-element_type=\"section\" data-settings=\"{&quot;background_background&quot;:&quot;slideshow&quot;,&quot;background_slideshow_gallery&quot;:[{&quot;id&quot;:32493,&quot;url&quot;:&quot;https:\\\/\\\/live-foundation-site.pantheonsite.io\\\/wp-content\\\/uploads\\\/2025\\\/02\\\/IMG-4-scaled.jpg&quot;},{&quot;id&quot;:32245,&quot;url&quot;:&quot;https:\\\/\\\/live-foundation-site.pantheonsite.io\\\/wp-content\\\/uploads\\\/2025\\\/02\\\/20240601-CANWNT-v-Mexico-Montreal-716-scaled.jpg&quot;},{&quot;id&quot;:32246,&quot;url&quot;:&quot;https:\\\/\\\/live-foundation-site.pantheonsite.io\\\/wp-content\\\/uploads\\\/2025\\\/02\\\/20240818-PDP-U15-Boys-Champions-OttawaSouthUnitedSC-9.png&quot;}],&quot;background_slideshow_transition_duration&quot;:800,&quot;background_slideshow_ken_burns&quot;:&quot;yes&quot;,&quot;background_slideshow_loop&quot;:&quot;yes&quot;,&quot;background_slideshow_slide_duration&quot;:5000,&quot;background_slideshow_slide_transition&quot;:&quot;fade&quot;,&quot;background_slideshow_ken_burns_zoom_direction&quot;:&quot;in&quot;}\">\n\t\t\t\t\t\t<div class=\"elementor-container elementor-column-gap-default\">\n\t\t\t\t\t<div class=\"elementor-column elementor-col-100 elementor-top-column elementor-element elementor-element-3f54e94\" data-id=\"3f54e94\" data-element_type=\"column\">\n\t\t\t<div class=\"elementor-widget-wrap elementor-element-populated\">\n\t\t\t\t\t\t<section class=\"elementor-section elementor-inner-section elementor-element elementor-element-b75dfea elementor-section-boxed elementor-section-height-default elementor-section-height-default wpr-particle-no wpr-jarallax-no wpr-parallax-no wpr-sticky-section-no\" data-id=\"b75dfea\" data-element_type=\"section\">\n\t\t\t\t\t\t<div class=\"elementor-container elementor-column-gap-default\">\n\t\t\t\t\t<div class=\"elementor-column elementor-col-50 elementor-inner-column elementor-element elementor-element-c7b207d\" data-id=\"c7b207d\" data-element_type=\"column\">\n\t\t\t<div class=\"elementor-widget-wrap elementor-element-populated\">\n\t\t\t\t\t\t<div class=\"elementor-element elementor-element-0b9ba55 animated-slow elementor-invisible elementor-widget elementor-widget-heading\" data-id=\"0b9ba55\" data-element_type=\"widget\" data-settings=\"{&quot;_animation&quot;:&quot;fadeIn&quot;,&quot;_animation_delay&quot;:0}\" data-widget_type=\"heading.default\">\n\t\t\t\t<div class=\"elementor-widget-container\">\n\t\t\t\t\t<h2 class=\"elementor-heading-title elementor-size-default\">LE CANADA<\/h2>\t\t\t\t<\/div>\n\t\t\t\t<\/div>\n\t\t\t\t\t<\/div>\n\t\t<\/div>\n\t\t\t\t<div class=\"elementor-column elementor-col-50 elementor-inner-column elementor-element elementor-element-a0af495\" data-id=\"a0af495\" data-element_type=\"column\">\n\t\t\t<div class=\"elementor-widget-wrap elementor-element-populated\">\n\t\t\t\t\t\t<div class=\"elementor-element elementor-element-2c32e52 animated-slow elementor-invisible elementor-widget elementor-widget-heading\" data-id=\"2c32e52\" data-element_type=\"widget\" data-settings=\"{&quot;_animation&quot;:&quot;fadeIn&quot;,&quot;_animation_delay&quot;:0}\" data-widget_type=\"heading.default\">\n\t\t\t\t<div class=\"elementor-widget-container\">\n\t\t\t\t\t<h2 class=\"elementor-heading-title elementor-size-default\">S\u2019\u00c9L\u00c8VE<\/h2>\t\t\t\t<\/div>\n\t\t\t\t<\/div>\n\t\t\t\t\t<\/div>\n\t\t<\/div>\n\t\t\t\t\t<\/div>\n\t\t<\/section>\n\t\t\t\t\t<\/div>\n\t\t<\/div>\n\t\t\t\t\t<\/div>\n\t\t<\/section>\n\t\t\t\t<section class=\"elementor-section elementor-top-section elementor-element elementor-element-97a921f elementor-section-height-min-height elementor-section-content-top elementor-hidden-desktop elementor-hidden-mobile elementor-section-boxed elementor-section-height-default elementor-section-items-middle wpr-particle-no wpr-jarallax-no wpr-parallax-no wpr-sticky-section-no\" data-id=\"97a921f\" data-element_type=\"section\" data-settings=\"{&quot;background_background&quot;:&quot;slideshow&quot;,&quot;background_slideshow_gallery&quot;:[{&quot;id&quot;:32493,&quot;url&quot;:&quot;https:\\\/\\\/live-foundation-site.pantheonsite.io\\\/wp-content\\\/uploads\\\/2025\\\/02\\\/IMG-4-scaled.jpg&quot;},{&quot;id&quot;:32245,&quot;url&quot;:&quot;https:\\\/\\\/live-foundation-site.pantheonsite.io\\\/wp-content\\\/uploads\\\/2025\\\/02\\\/20240601-CANWNT-v-Mexico-Montreal-716-scaled.jpg&quot;},{&quot;id&quot;:32246,&quot;url&quot;:&quot;https:\\\/\\\/live-foundation-site.pantheonsite.io\\\/wp-content\\\/uploads\\\/2025\\\/02\\\/20240818-PDP-U15-Boys-Champions-OttawaSouthUnitedSC-9.png&quot;}],&quot;background_slideshow_transition_duration&quot;:800,&quot;background_slideshow_ken_burns&quot;:&quot;yes&quot;,&quot;background_slideshow_loop&quot;:&quot;yes&quot;,&quot;background_slideshow_slide_duration&quot;:5000,&quot;background_slideshow_slide_transition&quot;:&quot;fade&quot;,&quot;background_slideshow_ken_burns_zoom_direction&quot;:&quot;in&quot;}\">\n\t\t\t\t\t\t<div class=\"elementor-container elementor-column-gap-default\">\n\t\t\t\t\t<div class=\"elementor-column elementor-col-100 elementor-top-column elementor-element elementor-element-401a2bc\" data-id=\"401a2bc\" data-element_type=\"column\">\n\t\t\t<div class=\"elementor-widget-wrap elementor-element-populated\">\n\t\t\t\t\t\t<section class=\"elementor-section elementor-inner-section elementor-element elementor-element-6eb78f7 elementor-section-boxed elementor-section-height-default elementor-section-height-default wpr-particle-no wpr-jarallax-no wpr-parallax-no wpr-sticky-section-no\" data-id=\"6eb78f7\" data-element_type=\"section\">\n\t\t\t\t\t\t<div class=\"elementor-container elementor-column-gap-default\">\n\t\t\t\t\t<div class=\"elementor-column elementor-col-50 elementor-inner-column elementor-element elementor-element-71e75eb\" data-id=\"71e75eb\" data-element_type=\"column\">\n\t\t\t<div class=\"elementor-widget-wrap elementor-element-populated\">\n\t\t\t\t\t\t<div class=\"elementor-element elementor-element-3f62684 animated-slow elementor-invisible elementor-widget elementor-widget-heading\" data-id=\"3f62684\" data-element_type=\"widget\" data-settings=\"{&quot;_animation&quot;:&quot;fadeIn&quot;,&quot;_animation_delay&quot;:0}\" data-widget_type=\"heading.default\">\n\t\t\t\t<div class=\"elementor-widget-container\">\n\t\t\t\t\t<h2 class=\"elementor-heading-title elementor-size-default\">LE CANADA<\/h2>\t\t\t\t<\/div>\n\t\t\t\t<\/div>\n\t\t\t\t\t<\/div>\n\t\t<\/div>\n\t\t\t\t<div class=\"elementor-column elementor-col-50 elementor-inner-column elementor-element elementor-element-dacaab2\" data-id=\"dacaab2\" data-element_type=\"column\">\n\t\t\t<div class=\"elementor-widget-wrap elementor-element-populated\">\n\t\t\t\t\t\t<div class=\"elementor-element elementor-element-81cf8ac animated-slow elementor-invisible elementor-widget elementor-widget-heading\" data-id=\"81cf8ac\" data-element_type=\"widget\" data-settings=\"{&quot;_animation&quot;:&quot;fadeIn&quot;,&quot;_animation_delay&quot;:0}\" data-widget_type=\"heading.default\">\n\t\t\t\t<div class=\"elementor-widget-container\">\n\t\t\t\t\t<h2 class=\"elementor-heading-title elementor-size-default\">S\u2019\u00c9L\u00c8VE<\/h2>\t\t\t\t<\/div>\n\t\t\t\t<\/div>\n\t\t\t\t\t<\/div>\n\t\t<\/div>\n\t\t\t\t\t<\/div>\n\t\t<\/section>\n\t\t\t\t\t<\/div>\n\t\t<\/div>\n\t\t\t\t\t<\/div>\n\t\t<\/section>\n\t\t\t\t<section class=\"elementor-section elementor-top-section elementor-element elementor-element-c3ed43a elementor-section-height-min-height elementor-section-content-top elementor-hidden-desktop elementor-hidden-tablet elementor-section-boxed elementor-section-height-default elementor-section-items-middle wpr-particle-no wpr-jarallax-no wpr-parallax-no wpr-sticky-section-no\" data-id=\"c3ed43a\" data-element_type=\"section\" data-settings=\"{&quot;background_background&quot;:&quot;slideshow&quot;,&quot;background_slideshow_gallery&quot;:[{&quot;id&quot;:32493,&quot;url&quot;:&quot;https:\\\/\\\/live-foundation-site.pantheonsite.io\\\/wp-content\\\/uploads\\\/2025\\\/02\\\/IMG-4-scaled.jpg&quot;},{&quot;id&quot;:32245,&quot;url&quot;:&quot;https:\\\/\\\/live-foundation-site.pantheonsite.io\\\/wp-content\\\/uploads\\\/2025\\\/02\\\/20240601-CANWNT-v-Mexico-Montreal-716-scaled.jpg&quot;},{&quot;id&quot;:32246,&quot;url&quot;:&quot;https:\\\/\\\/live-foundation-site.pantheonsite.io\\\/wp-content\\\/uploads\\\/2025\\\/02\\\/20240818-PDP-U15-Boys-Champions-OttawaSouthUnitedSC-9.png&quot;}],&quot;background_slideshow_transition_duration&quot;:800,&quot;background_slideshow_ken_burns&quot;:&quot;yes&quot;,&quot;background_slideshow_loop&quot;:&quot;yes&quot;,&quot;background_slideshow_slide_duration&quot;:5000,&quot;background_slideshow_slide_transition&quot;:&quot;fade&quot;,&quot;background_slideshow_ken_burns_zoom_direction&quot;:&quot;in&quot;}\">\n\t\t\t\t\t\t<div class=\"elementor-container elementor-column-gap-default\">\n\t\t\t\t\t<div class=\"elementor-column elementor-col-100 elementor-top-column elementor-element elementor-element-eeb829e\" data-id=\"eeb829e\" data-element_type=\"column\">\n\t\t\t<div class=\"elementor-widget-wrap elementor-element-populated\">\n\t\t\t\t\t\t<section class=\"elementor-section elementor-inner-section elementor-element elementor-element-3b94762 elementor-section-boxed elementor-section-height-default elementor-section-height-default wpr-particle-no wpr-jarallax-no wpr-parallax-no wpr-sticky-section-no\" data-id=\"3b94762\" data-element_type=\"section\">\n\t\t\t\t\t\t<div class=\"elementor-container elementor-column-gap-default\">\n\t\t\t\t\t<div class=\"elementor-column elementor-col-50 elementor-inner-column elementor-element elementor-element-cc34643\" data-id=\"cc34643\" data-element_type=\"column\">\n\t\t\t<div class=\"elementor-widget-wrap elementor-element-populated\">\n\t\t\t\t\t\t<div class=\"elementor-element elementor-element-124781c animated-slow elementor-invisible elementor-widget elementor-widget-heading\" data-id=\"124781c\" data-element_type=\"widget\" data-settings=\"{&quot;_animation&quot;:&quot;fadeIn&quot;,&quot;_animation_delay&quot;:0}\" data-widget_type=\"heading.default\">\n\t\t\t\t<div class=\"elementor-widget-container\">\n\t\t\t\t\t<h2 class=\"elementor-heading-title elementor-size-default\">LE CANADA<\/h2>\t\t\t\t<\/div>\n\t\t\t\t<\/div>\n\t\t\t\t\t<\/div>\n\t\t<\/div>\n\t\t\t\t<div class=\"elementor-column elementor-col-50 elementor-inner-column elementor-element elementor-element-9c89f28\" data-id=\"9c89f28\" data-element_type=\"column\">\n\t\t\t<div class=\"elementor-widget-wrap elementor-element-populated\">\n\t\t\t\t\t\t<div class=\"elementor-element elementor-element-5af659a animated-slow elementor-invisible elementor-widget elementor-widget-heading\" data-id=\"5af659a\" data-element_type=\"widget\" data-settings=\"{&quot;_animation&quot;:&quot;fadeIn&quot;,&quot;_animation_delay&quot;:0}\" data-widget_type=\"heading.default\">\n\t\t\t\t<div class=\"elementor-widget-container\">\n\t\t\t\t\t<h2 class=\"elementor-heading-title elementor-size-default\">S\u2019\u00c9L\u00c8VE<\/h2>\t\t\t\t<\/div>\n\t\t\t\t<\/div>\n\t\t\t\t\t<\/div>\n\t\t<\/div>\n\t\t\t\t\t<\/div>\n\t\t<\/section>\n\t\t\t\t\t<\/div>\n\t\t<\/div>\n\t\t\t\t\t<\/div>\n\t\t<\/section>\n\t\t\t\t<section class=\"elementor-section elementor-top-section elementor-element elementor-element-68a3583 elementor-section-boxed elementor-section-height-default elementor-section-height-default wpr-particle-no wpr-jarallax-no wpr-parallax-no wpr-sticky-section-no\" data-id=\"68a3583\" data-element_type=\"section\">\n\t\t\t\t\t\t<div class=\"elementor-container elementor-column-gap-default\">\n\t\t\t\t\t<div class=\"elementor-column elementor-col-100 elementor-top-column elementor-element elementor-element-d29f782\" data-id=\"d29f782\" data-element_type=\"column\">\n\t\t\t<div class=\"elementor-widget-wrap elementor-element-populated\">\n\t\t\t\t\t\t<div class=\"elementor-element elementor-element-890e956 elementor-widget elementor-widget-heading\" data-id=\"890e956\" data-element_type=\"widget\" data-widget_type=\"heading.default\">\n\t\t\t\t<div class=\"elementor-widget-container\">\n\t\t\t\t\t<h1 class=\"elementor-heading-title elementor-size-default\">FONDATION CANADA SOCCER <\/h1>\t\t\t\t<\/div>\n\t\t\t\t<\/div>\n\t\t\t\t<div class=\"elementor-element elementor-element-d43f81d elementor-widget__width-initial elementor-widget elementor-widget-text-editor\" data-id=\"d43f81d\" data-element_type=\"widget\" data-widget_type=\"text-editor.default\">\n\t\t\t\t<div class=\"elementor-widget-container\">\n\t\t\t\t\t\t\t\t\t<h3>Bienvenue \u00e0 la Fondation Canada Soccer, o\u00f9 nous amassons des fonds pour unir notre pays par l\u2019entremise du ballon rond.<\/h3><p>Alors que nous nous tournons vers la Coupe du Monde de la FIFA 2026\ud83c\udd6a, organis\u00e9e sur le sol canadien, nous nous rappelons l\u2019immense potentiel de la communaut\u00e9 du soccer de notre pays. Compte tenu de la croissance de notre sport et des r\u00e9alisations de plus en plus importantes de nos \u00e9quipes nationales, les Canadiens parlent souvent des possibilit\u00e9s pour le Canada d\u2019\u00e9merger en tant que pays de soccer de premier plan sur la sc\u00e8ne mondiale, et de l\u2019h\u00e9ritage que cela cr\u00e9era.<\/p><h4>L\u2019occasion est l\u00e0.<\/h4><p>Our players serve as role models and inspire passion for Canadians from coast to coast to coast. As the excitement approaches, we aim to rally support for our national teams and grassroots soccer alike from across Canada.<\/p><p>Rejoignez-nous pour donner le coup d\u2019envoi d\u2019un mouvement qui c\u00e9l\u00e8bre l\u2019excellence et l\u2019unit\u00e9 du soccer canadien, en mobilisant notre passion collective pour construire un avenir radieux pour notre sport.<\/p>\t\t\t\t\t\t\t\t<\/div>\n\t\t\t\t<\/div>\n\t\t\t\t<div class=\"elementor-element elementor-element-0a99d6a elementor-widget elementor-widget-heading\" data-id=\"0a99d6a\" data-element_type=\"widget\" data-widget_type=\"heading.default\">\n\t\t\t\t<div class=\"elementor-widget-container\">\n\t\t\t\t\t<h3 class=\"elementor-heading-title elementor-size-default\">D\u00c9TROMPEZ-VOUS : NOUS DEVONS AGIR MAINTENANT<\/h3>\t\t\t\t<\/div>\n\t\t\t\t<\/div>\n\t\t\t\t\t<\/div>\n\t\t<\/div>\n\t\t\t\t\t<\/div>\n\t\t<\/section>\n\t\t\t\t<section class=\"elementor-section elementor-top-section elementor-element elementor-element-990c7b9 elementor-section-boxed elementor-section-height-default elementor-section-height-default wpr-particle-no wpr-jarallax-no wpr-parallax-no wpr-sticky-section-no\" data-id=\"990c7b9\" data-element_type=\"section\">\n\t\t\t\t\t\t<div class=\"elementor-container elementor-column-gap-default\">\n\t\t\t\t\t<div class=\"elementor-column elementor-col-100 elementor-top-column elementor-element elementor-element-f11a2c6\" data-id=\"f11a2c6\" data-element_type=\"column\">\n\t\t\t<div class=\"elementor-widget-wrap elementor-element-populated\">\n\t\t\t\t\t\t<div class=\"elementor-element elementor-element-db75436 elementor-widget elementor-widget-spacer\" data-id=\"db75436\" data-element_type=\"widget\" data-widget_type=\"spacer.default\">\n\t\t\t\t<div class=\"elementor-widget-container\">\n\t\t\t\t\t\t\t<div class=\"elementor-spacer\">\n\t\t\t<div class=\"elementor-spacer-inner\"><\/div>\n\t\t<\/div>\n\t\t\t\t\t\t<\/div>\n\t\t\t\t<\/div>\n\t\t\t\t\t<\/div>\n\t\t<\/div>\n\t\t\t\t\t<\/div>\n\t\t<\/section>\n\t\t\t\t<section class=\"elementor-section elementor-top-section elementor-element elementor-element-8e1750e elementor-section-boxed elementor-section-height-default elementor-section-height-default wpr-particle-no wpr-jarallax-no wpr-parallax-no wpr-sticky-section-no\" data-id=\"8e1750e\" data-element_type=\"section\" id=\"priorities\" data-settings=\"{&quot;background_background&quot;:&quot;classic&quot;}\">\n\t\t\t\t\t\t<div class=\"elementor-container elementor-column-gap-no\">\n\t\t\t\t\t<div class=\"elementor-column elementor-col-100 elementor-top-column elementor-element elementor-element-a440532\" data-id=\"a440532\" data-element_type=\"column\">\n\t\t\t<div class=\"elementor-widget-wrap elementor-element-populated\">\n\t\t\t\t\t\t<div class=\"elementor-element elementor-element-33dbaf3 elementor-widget elementor-widget-heading\" data-id=\"33dbaf3\" data-element_type=\"widget\" data-widget_type=\"heading.default\">\n\t\t\t\t<div class=\"elementor-widget-container\">\n\t\t\t\t\t<h2 class=\"elementor-heading-title elementor-size-default\">NOS PRIORIT\u00c9S<\/h2>\t\t\t\t<\/div>\n\t\t\t\t<\/div>\n\t\t\t\t<div class=\"elementor-element elementor-element-036a4c7 elementor-widget elementor-widget-text-editor\" data-id=\"036a4c7\" data-element_type=\"widget\" data-widget_type=\"text-editor.default\">\n\t\t\t\t<div class=\"elementor-widget-container translation-block\">Alors que le Canada se pr\u00e9pare \u00e0 accueillir la Coupe du Monde de la FIFA 26<sup>TM<\/sup>, nous avons une occasion qui se produit une fois par g\u00e9n\u00e9ration de cr\u00e9er une fondation unifi\u00e9e et audacieuse pour le soccer dans notre pays. B\u00e2tissons un avenir rempli de passion, de fiert\u00e9 et de possibilit\u00e9. Pour y parvenir, la Fondation Canada Soccer cherche \u00e0 amasser 25 millions $ d\u2019ici 2027 pour financer trois secteurs prioritaires essentiels :<\/div>\n\t\t\t\t<\/div>\n\t\t\t\t<section class=\"elementor-section elementor-inner-section elementor-element elementor-element-cc5858f elementor-section-boxed elementor-section-height-default elementor-section-height-default wpr-particle-no wpr-jarallax-no wpr-parallax-no wpr-sticky-section-no\" data-id=\"cc5858f\" data-element_type=\"section\">\n\t\t\t\t\t\t<div class=\"elementor-container elementor-column-gap-custom\">\n\t\t\t\t\t<div class=\"elementor-column elementor-col-33 elementor-inner-column elementor-element elementor-element-3443ff8\" data-id=\"3443ff8\" data-element_type=\"column\" data-settings=\"{&quot;background_background&quot;:&quot;classic&quot;}\">\n\t\t\t<div class=\"elementor-widget-wrap elementor-element-populated\">\n\t\t\t\t\t\t<div class=\"elementor-element elementor-element-c501f52 elementor-position-top elementor-widget elementor-widget-image-box\" data-id=\"c501f52\" data-element_type=\"widget\" data-widget_type=\"image-box.default\">\n\t\t\t\t<div class=\"elementor-widget-container\">\n\t\t\t\t\t<div class=\"elementor-image-box-wrapper\"><figure class=\"elementor-image-box-img\"><img fetchpriority=\"high\" decoding=\"async\" width=\"316\" height=\"218\" src=\"https:\/\/foundation.canadasoccer.com\/wp-content\/uploads\/2025\/02\/Picture1.png\" class=\"attachment-2048x2048 size-2048x2048 wp-image-32774\" alt=\"\" srcset=\"https:\/\/foundation.canadasoccer.com\/wp-content\/uploads\/2025\/02\/Picture1.png 316w, https:\/\/foundation.canadasoccer.com\/wp-content\/uploads\/2025\/02\/Picture1-300x207.png 300w, https:\/\/foundation.canadasoccer.com\/wp-content\/uploads\/2025\/02\/Picture1-18x12.png 18w\" sizes=\"(max-width: 316px) 100vw, 316px\" \/><\/figure><div class=\"elementor-image-box-content\"><h2 class=\"elementor-image-box-title\">ACCESSIBILIT\u00c9 DU SOCCER CHEZ LES JEUNES<\/h2><p class=\"elementor-image-box-description\">Garantir que la jeunesse canadienne peut participer au soccer en offrant une aide financi\u00e8re et des initiatives communautaires qui abaissent les obstacles \u00e0 l\u2019entr\u00e9e dans le sport.<\/p><\/div><\/div>\t\t\t\t<\/div>\n\t\t\t\t<\/div>\n\t\t\t\t\t<\/div>\n\t\t<\/div>\n\t\t\t\t<div class=\"elementor-column elementor-col-33 elementor-inner-column elementor-element elementor-element-daf65ba\" data-id=\"daf65ba\" data-element_type=\"column\" data-settings=\"{&quot;background_background&quot;:&quot;classic&quot;}\">\n\t\t\t<div class=\"elementor-widget-wrap elementor-element-populated\">\n\t\t\t\t\t\t<div class=\"elementor-element elementor-element-95286ee elementor-position-top elementor-widget elementor-widget-image-box\" data-id=\"95286ee\" data-element_type=\"widget\" data-widget_type=\"image-box.default\">\n\t\t\t\t<div class=\"elementor-widget-container\">\n\t\t\t\t\t<div class=\"elementor-image-box-wrapper\"><figure class=\"elementor-image-box-img\"><img decoding=\"async\" src=\"https:\/\/foundation.canadasoccer.com\/wp-content\/uploads\/elementor\/thumbs\/Image-scaled-rbth0vid010l9x0qzysovgjw7nbat7djvdxyjmbu6c.jpeg\" title=\"Image\" alt=\"Image\" loading=\"lazy\" \/><\/figure><div class=\"elementor-image-box-content\"><h2 class=\"elementor-image-box-title\">Excellence des entra\u00eeneurs canadiens<\/h2><p class=\"elementor-image-box-description\">Am\u00e9liorer le d\u00e9veloppement des entra\u00eeneurs canadiens par des possibilit\u00e9s de soutien, de formation et d\u2019exp\u00e9riences.<\/p><\/div><\/div>\t\t\t\t<\/div>\n\t\t\t\t<\/div>\n\t\t\t\t\t<\/div>\n\t\t<\/div>\n\t\t\t\t<div class=\"elementor-column elementor-col-33 elementor-inner-column elementor-element elementor-element-10e3fa6\" data-id=\"10e3fa6\" data-element_type=\"column\" data-settings=\"{&quot;background_background&quot;:&quot;classic&quot;}\">\n\t\t\t<div class=\"elementor-widget-wrap elementor-element-populated\">\n\t\t\t\t\t\t<div class=\"elementor-element elementor-element-8efe08e elementor-position-top elementor-widget elementor-widget-image-box\" data-id=\"8efe08e\" data-element_type=\"widget\" data-widget_type=\"image-box.default\">\n\t\t\t\t<div class=\"elementor-widget-container\">\n\t\t\t\t\t<div class=\"elementor-image-box-wrapper\"><figure class=\"elementor-image-box-img\"><img decoding=\"async\" src=\"https:\/\/foundation.canadasoccer.com\/wp-content\/uploads\/elementor\/thumbs\/Picture2-rbth0vid010l9x0qzysovgjw7nbat7djvdxyjmbu6c.png\" title=\"Picture2\" alt=\"Picture2\" loading=\"lazy\" \/><\/figure><div class=\"elementor-image-box-content\"><h2 class=\"elementor-image-box-title\">SOUTIEN ACCRU DE L\u2019\u00c9QUIPE NATIONALE<\/h2><p class=\"elementor-image-box-description\">Am\u00e9liorer notre syst\u00e8me d\u2019\u00e9quipe nationale, des \u00e9quipes jeunesse aux \u00e9quipes seniors, leur offrant des ressources d\u2019entra\u00eenement et des occasions de comp\u00e9tition de classe mondiale.<\/p><\/div><\/div>\t\t\t\t<\/div>\n\t\t\t\t<\/div>\n\t\t\t\t\t<\/div>\n\t\t<\/div>\n\t\t\t\t\t<\/div>\n\t\t<\/section>\n\t\t\t\t\t<\/div>\n\t\t<\/div>\n\t\t\t\t\t<\/div>\n\t\t<\/section>\n\t\t\t\t<\/div>","protected":false},"excerpt":{"rendered":"<div class=\"tmnf_excerpt\"><p>CANADA RISING CANADA RISING CANADA<\/p>\n<\/div>","protected":false},"author":3,"featured_media":0,"parent":0,"menu_order":0,"comment_status":"closed","ping_status":"closed","template":"elementor_header_footer","meta":{"_bbp_topic_count":0,"_bbp_reply_count":0,"_bbp_total_topic_count":0,"_bbp_total_reply_count":0,"_bbp_voice_count":0,"_bbp_anonymous_reply_count":0,"_bbp_topic_count_hidden":0,"_bbp_reply_count_hidden":0,"_bbp_forum_subforum_count":0,"_coblocks_attr":"","_coblocks_dimensions":"","_coblocks_responsive_height":"","_coblocks_accordion_ie_support":"","footnotes":""},"class_list":["post-31124","page","type-page","status-publish","hentry"],"aioseo_notices":[],"_links":{"self":[{"href":"https:\/\/foundation.canadasoccer.com\/fr\/wp-json\/wp\/v2\/pages\/31124","targetHints":{"allow":["GET"]}}],"collection":[{"href":"https:\/\/foundation.canadasoccer.com\/fr\/wp-json\/wp\/v2\/pages"}],"about":[{"href":"https:\/\/foundation.canadasoccer.com\/fr\/wp-json\/wp\/v2\/types\/page"}],"author":[{"embeddable":true,"href":"https:\/\/foundation.canadasoccer.com\/fr\/wp-json\/wp\/v2\/users\/3"}],"replies":[{"embeddable":true,"href":"https:\/\/foundation.canadasoccer.com\/fr\/wp-json\/wp\/v2\/comments?post=31124"}],"version-history":[{"count":854,"href":"https:\/\/foundation.canadasoccer.com\/fr\/wp-json\/wp\/v2\/pages\/31124\/revisions"}],"predecessor-version":[{"id":34447,"href":"https:\/\/foundation.canadasoccer.com\/fr\/wp-json\/wp\/v2\/pages\/31124\/revisions\/34447"}],"wp:attachment":[{"href":"https:\/\/foundation.canadasoccer.com\/fr\/wp-json\/wp\/v2\/media?parent=31124"}],"curies":[{"name":"wp","href":"https:\/\/api.w.org\/{rel}","templated":true}]}}